{"id":2,"date":"2020-03-25T17:35:21","date_gmt":"2020-03-25T17:35:21","guid":{"rendered":"http:\/\/die-moberts.de\/?page_id=2"},"modified":"2025-09-20T22:40:00","modified_gmt":"2025-09-20T22:40:00","slug":"wer-wir-sind","status":"publish","type":"page","link":"https:\/\/die-moberts.de\/index.php\/wer-wir-sind\/","title":{"rendered":"Wer wir sind."},"content":{"rendered":"\n<p>F\u00fcr die Webseite \u201edie-moberts.de\u201c stehen Rita &amp; Ullrich Mohaupt, die auf dieser Seite eine M\u00f6glichkeit zur alternativen Kommunikation nutzen und die Informationsweitergabe auf unabh\u00e4ngigem Weg praktizieren.<\/p>\n\n\n\n<p>Was wir auf dieser Seite ver\u00f6ffentlichen, wird sich \u00fcber die Zeit entwickeln, begonnen haben wir mit Ulli&#8217;s 50. Geburtstag.<\/p>\n\n\n\n<p>Und sicher kommen noch viele sch\u00f6ne Events und Erlebnisse hinzu&#8230;<\/p>\n\n\n\n<p><\/p>\n","protected":false},"excerpt":{"rendered":"<p>F\u00fcr die Webseite \u201edie-moberts.de\u201c stehen Rita &amp; Ullrich Mohaupt, die auf dieser Seite eine M\u00f6glichkeit zur alternativen Kommunikation nutzen und die Informationsweitergabe auf unabh\u00e4ngigem Weg praktizieren. Was wir auf dieser Seite ver\u00f6ffentlichen, wird sich \u00fcber die Zeit entwickeln, begonnen haben wir mit Ulli&#8217;s 50. Geburtstag. Und sicher kommen noch viele sch\u00f6ne Events und Erlebnisse hinzu&#8230;<\/p>\n","protected":false},"author":1,"featured_media":0,"parent":0,"menu_order":0,"comment_status":"closed","ping_status":"open","template":"","meta":{"footnotes":""},"class_list":["post-2","page","type-page","status-publish","hentry"],"_links":{"self":[{"href":"https:\/\/die-moberts.de\/index.php\/wp-json\/wp\/v2\/pages\/2","targetHints":{"allow":["GET"]}}],"collection":[{"href":"https:\/\/die-moberts.de\/index.php\/wp-json\/wp\/v2\/pages"}],"about":[{"href":"https:\/\/die-moberts.de\/index.php\/wp-json\/wp\/v2\/types\/page"}],"author":[{"embeddable":true,"href":"https:\/\/die-moberts.de\/index.php\/wp-json\/wp\/v2\/users\/1"}],"replies":[{"embeddable":true,"href":"https:\/\/die-moberts.de\/index.php\/wp-json\/wp\/v2\/comments?post=2"}],"version-history":[{"count":5,"href":"https:\/\/die-moberts.de\/index.php\/wp-json\/wp\/v2\/pages\/2\/revisions"}],"predecessor-version":[{"id":931,"href":"https:\/\/die-moberts.de\/index.php\/wp-json\/wp\/v2\/pages\/2\/revisions\/931"}],"wp:attachment":[{"href":"https:\/\/die-moberts.de\/index.php\/wp-json\/wp\/v2\/media?parent=2"}],"curies":[{"name":"wp","href":"https:\/\/api.w.org\/{rel}","templated":true}]}}