{"id":180,"date":"2020-04-15T05:53:03","date_gmt":"2020-04-15T05:53:03","guid":{"rendered":"https:\/\/die-moberts.de\/?page_id=180"},"modified":"2025-12-16T21:08:24","modified_gmt":"2025-12-16T21:08:24","slug":"die-verlinkte-norwegenseite","status":"publish","type":"page","link":"https:\/\/die-moberts.de\/index.php\/die-verlinkte-norwegenseite\/","title":{"rendered":"Die &#8222;verlinkte&#8220; Norwegen, Reise- und Polarlicht-Seite."},"content":{"rendered":"\n<p>Hier ein paar Links von verschiedenen Webseites und Webcams in Norwegen und anderswo:<\/p>\n\n\n\n<h4 class=\"wp-block-heading\">Lofoten Islands &#8211; Henningsv\u00e6r<\/h4>\n\n\n\n<p><a href=\"https:\/\/www.skylinewebcams.com\/en\/webcam\/norge\/nordland\/lofoten\/henningsvaer.html\" target=\"_blank\" rel=\"noreferrer noopener\">Lofoten Islands &#8211; Henningsv\u00e6r<\/a><\/p>\n\n\n\n<h4 class=\"wp-block-heading\">Lofoten Islands &#8211; Reine Area<\/h4>\n\n\n\n<p><a href=\"https:\/\/www.skylinewebcams.com\/en\/webcam\/norge\/nordland\/lofoten\/reine.html\" target=\"_blank\" rel=\"noreferrer noopener\">Lofoten Islands &#8211; Reine Area<\/a><\/p>\n\n\n\n<h4 class=\"wp-block-heading\">Bergen<\/h4>\n\n\n\n<p><a href=\"https:\/\/www.skylinewebcams.com\/en\/webcam\/norge\/western-norway\/bergen\/bergen.html\" target=\"_blank\" rel=\"noreferrer noopener\">Bergen<\/a><\/p>\n\n\n\n<h4 class=\"wp-block-heading\">Alta<\/h4>\n\n\n\n<p><a href=\"https:\/\/portalta.kystnor.no\" target=\"_blank\" rel=\"noreferrer noopener\">Alta<\/a><\/p>\n\n\n\n<h4 class=\"wp-block-heading\">Troms\u00f8<\/h4>\n\n\n\n<p><a href=\"https:\/\/www.skylinewebcams.com\/de\/webcam\/norge\/northern-norway\/tromso\/panorama.html\" target=\"_blank\" rel=\"noreferrer noopener\">Troms\u00f8<\/a><\/p>\n\n\n\n<h4 class=\"wp-block-heading\">Rotsund<\/h4>\n\n\n\n<p><a href=\"https:\/\/www.skylinewebcams.com\/de\/webcam\/norge\/northern-norway\/rotsund\/northern-lights.html\" target=\"_blank\" rel=\"noreferrer noopener\">Rotsund<\/a><\/p>\n\n\n\n<p>Und <strong>Polarlichter <\/strong>k\u00f6nnen auch im Sommer sehr h\u00e4ufig \u00fcber in Churchill, Manitoba, Canada beobachtet werden<\/p>\n\n\n\n<p><a href=\"https:\/\/explore.org\/livecams\/currently-live\/northern-lights-cam\" target=\"_blank\" rel=\"noreferrer noopener\">Manitoba<\/a><\/p>\n\n\n\n<p class=\"has-normal-font-size\">Und andere sind dann ganz leicht \u00fcber die &#8222;Live Cams&#8230;&#8220; zu finden.<\/p>\n\n\n\n<h4 class=\"wp-block-heading\">Gr\u00f6nland, Ilulissat<\/h4>\n\n\n\n<p><a href=\"https:\/\/www.skylinewebcams.com\/de\/webcam\/greenland\/avannaata\/ilulissat\/icebergs.html\" target=\"_blank\" rel=\"noreferrer noopener\">Eisberge Gr\u00f6nland<\/a><\/p>\n\n\n\n<h4 class=\"wp-block-heading\">HX &#8211; Fridtjof Nansen \/ Roald Amundsen<\/h4>\n\n\n\n<p><a href=\"https:\/\/hrx.panomax.com\/ra\" target=\"_blank\" rel=\"noreferrer noopener\">https:\/\/hrx.panomax.com\/ra<\/a><\/p>\n\n\n\n<h4 class=\"wp-block-heading\">Maribell Sj\u00f8bu &#8211; Kval\u00f8yv\u00e5gveien<\/h4>\n\n\n\n<p><a href=\"https:\/\/www.maribell.no\/live-webcam\" target=\"_blank\" rel=\"noreferrer noopener\">https:\/\/www.maribell.no\/live-webcam<\/a><\/p>\n","protected":false},"excerpt":{"rendered":"<p>Hier ein paar Links von verschiedenen Webseites und Webcams in Norwegen und anderswo: Lofoten Islands &#8211; Henningsv\u00e6r Lofoten Islands &#8211; Henningsv\u00e6r Lofoten Islands &#8211; Reine Area Lofoten Islands &#8211; Reine Area Bergen Bergen Alta Alta Troms\u00f8 Troms\u00f8 Rotsund Rotsund Und Polarlichter k\u00f6nnen auch im Sommer sehr h\u00e4ufig \u00fcber in Churchill, Manitoba, Canada beobachtet werden Manitoba [&hellip;]<\/p>\n","protected":false},"author":1,"featured_media":0,"parent":0,"menu_order":0,"comment_status":"closed","ping_status":"closed","template":"","meta":{"footnotes":""},"class_list":["post-180","page","type-page","status-publish","hentry"],"_links":{"self":[{"href":"https:\/\/die-moberts.de\/index.php\/wp-json\/wp\/v2\/pages\/180","targetHints":{"allow":["GET"]}}],"collection":[{"href":"https:\/\/die-moberts.de\/index.php\/wp-json\/wp\/v2\/pages"}],"about":[{"href":"https:\/\/die-moberts.de\/index.php\/wp-json\/wp\/v2\/types\/page"}],"author":[{"embeddable":true,"href":"https:\/\/die-moberts.de\/index.php\/wp-json\/wp\/v2\/users\/1"}],"replies":[{"embeddable":true,"href":"https:\/\/die-moberts.de\/index.php\/wp-json\/wp\/v2\/comments?post=180"}],"version-history":[{"count":35,"href":"https:\/\/die-moberts.de\/index.php\/wp-json\/wp\/v2\/pages\/180\/revisions"}],"predecessor-version":[{"id":1133,"href":"https:\/\/die-moberts.de\/index.php\/wp-json\/wp\/v2\/pages\/180\/revisions\/1133"}],"wp:attachment":[{"href":"https:\/\/die-moberts.de\/index.php\/wp-json\/wp\/v2\/media?parent=180"}],"curies":[{"name":"wp","href":"https:\/\/api.w.org\/{rel}","templated":true}]}}