{"id":16,"date":"2020-03-31T16:34:43","date_gmt":"2020-03-31T16:34:43","guid":{"rendered":"https:\/\/die-moberts.de\/?page_id=16"},"modified":"2020-04-13T08:20:18","modified_gmt":"2020-04-13T08:20:18","slug":"datenschutzerklaerung","status":"publish","type":"page","link":"https:\/\/die-moberts.de\/index.php\/datenschutzerklaerung\/","title":{"rendered":"Datenschutzerkl\u00e4rung"},"content":{"rendered":"\n<p>Hier kommt das Kleingedruckte&#8230;<\/p>\n\n\n\n<h4 class=\"wp-block-heading\">Wer wir sind<\/h4>\n\n\n\n<p>F\u00fcr die Webseite \u201edie-moberts.de\u201c stehen Rita &amp; Ullrich Mohaupt, die auf dieser Seite eine M\u00f6glichkeit zur alternativen Kommunikation nutzen und die Informationsweitergabe auf unabh\u00e4ngigem Weg praktizieren.<\/p>\n\n\n\n<p>Der Inhalt der Seite: <a href=\"https:\/\/die-moberts.de\/\">https:\/\/die-moberts.de<\/a> ist rein privat und soweit wie m\u00f6glich unabh\u00e4ngig von anderen Dienstanbietern und Webseiten.<\/p>\n\n\n\n<h4 class=\"wp-block-heading\">Welche personenbezogenen Daten wir sammeln und warum wir sie sammeln<\/h4>\n\n\n\n<p>Die Sammlung personenbezogener Daten ist nicht unser Anliegen, l\u00e4sst sich aber bedingt durch den Einsatz digitaler Tools nicht vermeiden. Solange du nur Daten von der Webseite abrufst, werden keine personenbezogenen Daten durch die Seite \u201edie-moberts.de\u201c gespeichert. Solltet ihr aber \u00fcber diese Webseite mit uns Kontakt aufnehmen, wird es sich nicht vermeiden lassen, dass ihr personenbezogene Daten preisgebt und diese auch bei uns gespeichert werden. Es ist somit an euch zu entscheiden, ob ihr z.B. eure E-Mail Adresse, Namen oder auch weitere andere Daten auf unserer Seite hinterlasst. Mit der Eingabe eurer Daten im z.B. im Kommentar, im Kontaktformular oder an anderer Stelle willigt ihr hiermit ein, dass diese Daten gespeichert und auch online gestellt werden.<\/p>\n\n\n\n<p>Zudem wird es sich nicht vermeiden lassen, dass z.B. externe Analysewerkzeuge auf unsere Seite gelangen und alles \u201emitnehmen\u201c was zu bekommen ist.<\/p>\n\n\n\n<p>Die Verwendung von Plugins ist aktuell auf \u201e<strong>Akismet Anti-Spam<\/strong>\u201c beschr\u00e4nkt. Bei Verwendung weitere Plugins werden wir auf dieser Seite dar\u00fcber informieren.<\/p>\n\n\n\n<h4 class=\"wp-block-heading\">Kommentare<\/h4>\n\n\n\n<p>Wenn Besucher Kommentare auf unserer Website schreiben, sammeln wir zwangsl\u00e4ufig die Daten, die im Kommentar-Formular angezeigt werden, au\u00dferdem die IP-Adresse des Besuchers und den User-Agent-String (damit wird der Browser identifiziert), um die Erkennung von Spam zu unterst\u00fctzen.<\/p>\n\n\n\n<p>Aus deiner E-Mail-Adresse wird zudem eine anonymisierte Zeichenfolge erstellt (auch Hash genannt) und dem Gravatar-Dienst \u00fcbergeben, um zu pr\u00fcfen, ob du diesen benutzt. Die Datenschutzerkl\u00e4rung des Gravatar-Dienstes findest du hier: <strong>https:\/\/automattic.com\/privacy\/<\/strong>. Nachdem dein Kommentar freigegeben wurde, ist dein Profilbild \u00f6ffentlich im Kontext deines Kommentars sichtbar.<\/p>\n\n\n\n<p>Diese Daten verbleiben zeitlich unbegrenzt auf unserem Server.<\/p>\n\n\n\n<h4 class=\"wp-block-heading\">Medien<\/h4>\n\n\n\n<p>F\u00fcr die von euch die sich freiwillig registrieren und somit aktiver Benutzer unserer Webseite sind, gilt f\u00fcr euch auf Fotos und anderes Material wert zulegen, was auf unsere Website hochgeladen wird. Du solltest z.B. vermeiden, Fotos mit einem EXIF-GPS-Standort hochzuladen, da alle Besucher dieser Website diese Fotos, die auf zwangsl\u00e4ufig auf dieser Website gespeichert sind, herunterladen k\u00f6nnen und deren Standort-Informationen extrahieren k\u00f6nnen. Inhalte der Fotos und Videos k\u00f6nnen zudem Informationen enthalten, die sch\u00fctzenswert sind und nicht der \u00d6ffentlichkeit preisgegeben werden sollten. Es ist somit explizit euer Einverst\u00e4ndnis gegeben, dass alle verf\u00fcgbaren Informationen \u00f6ffentlich sind, sobald ihr eigene Inhalte ver\u00f6ffentlicht.<\/p>\n\n\n\n<h4 class=\"wp-block-heading\">Kontaktformulare<\/h4>\n\n\n\n<p>F\u00fcr Kontaktformulare verh\u00e4lt es sich \u00e4hnlich den Kommentaren, allerdings wird der Inhalt der Kontaktanfrage nicht ver\u00f6ffentlicht. Die Daten sind und bleiben allerdings zeitlich unbegrenzt gespeichert.<\/p>\n\n\n\n<h4 class=\"wp-block-heading\">Cookies<\/h4>\n\n\n\n<p>Wenn du einen Kommentar auf unserer Website schreibst, ist das eine Einwilligung, deinen Namen, E-Mail-Adresse und Website in Cookies zu speichern. Dies ist eine Komfortfunktion, damit du nicht, wenn du einen weiteren Kommentar schreibst, all diese Daten erneut eingeben musst. Diese Cookies werden ein Jahr lang gespeichert.<\/p>\n\n\n\n<p>Falls du ein Konto hast und dich auf dieser Website anmeldest, werden wir ein tempor\u00e4res Cookie setzen, um festzustellen, ob dein Browser Cookies akzeptiert. Dieses Cookie enth\u00e4lt keine personenbezogenen Daten und wird verworfen, wenn du deinen Browser schlie\u00dft.<\/p>\n\n\n\n<p>Wenn du dich anmeldest, werden wir einige Cookies einrichten, um deine Anmeldeinformationen und Anzeigeoptionen zu speichern. Anmelde-Cookies verfallen nach zwei Tagen und Cookies f\u00fcr die Anzeigeoptionen nach einem Jahr. Falls du bei der Anmeldung \u201eAngemeldet bleiben\u201c ausw\u00e4hlst, wird deine Anmeldung zwei Wochen lang aufrechterhalten. Mit der Abmeldung aus deinem Konto werden die Anmelde-Cookies gel\u00f6scht.<\/p>\n\n\n\n<p>Wenn du einen Artikel bearbeitest oder ver\u00f6ffentlichst, wird ein zus\u00e4tzlicher Cookie in deinem Browser gespeichert. Dieser Cookie enth\u00e4lt keine personenbezogenen Daten und verweist nur auf die Beitrags-ID des Artikels, den du gerade bearbeitet hast. Der Cookie verf\u00e4llt nach einem Tag.<\/p>\n\n\n\n<h4 class=\"wp-block-heading\">Eingebettete Inhalte von anderen Websites<\/h4>\n\n\n\n<p>Beitr\u00e4ge auf dieser Website k\u00f6nnen eingebettete Inhalte beinhalten (z.B. Videos, Bilder, Beitr\u00e4ge etc.). Eingebettete Inhalte von anderen Websites verhalten sich exakt so, als ob der Besucher die andere Website besucht h\u00e4tte.<\/p>\n\n\n\n<p>Diese Websites k\u00f6nnen Daten \u00fcber dich sammeln, Cookies benutzen, zus\u00e4tzliche Tracking-Dienste von Dritten einbetten und deine Interaktion mit diesem eingebetteten Inhalt aufzeichnen, inklusive deiner Interaktion mit dem eingebetteten Inhalt, falls du ein Konto hast und auf dieser Website angemeldet bist.<\/p>\n\n\n\n<h4 class=\"wp-block-heading\">Analysedienste<\/h4>\n\n\n\n<p>Die von uns verwendete Datenbasis \u201eWordPress\u201c sammelt von sich aus keine Analysedaten, als auch haben wir keine Word-Press-Plugins installiert. Allerdings sammelt unser Webhoster anonyme Analysedaten, die uns als Administratoren dieser Seite bereitgestellt werden. Ein R\u00fcckschluss auf einzelne Personen ist dadurch nicht gegeben.<\/p>\n\n\n\n<h4 class=\"wp-block-heading\">Mit wem wir deine Daten teilen<\/h4>\n\n\n\n<p>Freiwillig teilen wir mit keinerlei Person, Organisation oder einem Dritten personenbezogene Daten. Die Daten die du allerdings auf unserer Webseite eingibst, sind mit der Eingabe und Ver\u00f6ffentlichung allerdings auch f\u00fcr jede und jeden aus dem Internet einsehbar.<\/p>\n\n\n\n<p>\u00dcberlege somit gut, was du auf unserer Seite preisgibst und teilst.<\/p>\n\n\n\n<h4 class=\"wp-block-heading\">Welche Rechte du an deinen Daten hast<\/h4>\n\n\n\n<p>Wenn du ein Konto auf dieser Website besitzt oder Kommentare geschrieben hast, kannst du einen Export deiner personenbezogenen Daten bei uns anfordern, inklusive aller Daten, die du uns mitgeteilt hast. Dar\u00fcber hinaus kannst du die L\u00f6schung aller personenbezogenen Daten, die wir von dir gespeichert haben, anfordern. Dies umfasst nicht die Daten, die wir aufgrund administrativer, rechtlicher oder sicherheitsrelevanter Notwendigkeiten aufbewahren m\u00fcssen.<\/p>\n\n\n\n<h4 class=\"wp-block-heading\">Wohin wir deine Daten senden<\/h4>\n\n\n\n<p>Die Daten dieser Webseite werden auf einem Virtual Server der \u201e1und1 IONOS SE\u201c verarbeitet und gespeichert und unterliegen deren Datenschutzbestimmungen. Diese sind einzusehen unter: <strong>https:\/\/www.ionos.de\/terms-gtc\/terms-privacy\/<\/strong><\/p>\n\n\n\n<p>Besucher-Kommentare k\u00f6nnten von einem automatisierten Dienst zur Spam-Erkennung untersucht werden.<\/p>\n\n\n\n<h4 class=\"wp-block-heading\">Kontakt-Informationen<\/h4>\n\n\n\n<p>F\u00fcr datenschutzrelevante Anliegen k\u00f6nnt Ihr mich, Ullrich Mohaupt, unter ullrich[punkt]mohaupt[at]gmx[punkt]de kontaktieren.<\/p>\n","protected":false},"excerpt":{"rendered":"<p>Hier kommt das Kleingedruckte&#8230; Wer wir sind F\u00fcr die Webseite \u201edie-moberts.de\u201c stehen Rita &amp; Ullrich Mohaupt, die auf dieser Seite eine M\u00f6glichkeit zur alternativen Kommunikation nutzen und die Informationsweitergabe auf unabh\u00e4ngigem Weg praktizieren. Der Inhalt der Seite: https:\/\/die-moberts.de ist rein privat und soweit wie m\u00f6glich unabh\u00e4ngig von anderen Dienstanbietern und Webseiten. Welche personenbezogenen Daten wir [&hellip;]<\/p>\n","protected":false},"author":1,"featured_media":0,"parent":0,"menu_order":0,"comment_status":"closed","ping_status":"closed","template":"","meta":{"footnotes":""},"class_list":["post-16","page","type-page","status-publish","hentry"],"_links":{"self":[{"href":"https:\/\/die-moberts.de\/index.php\/wp-json\/wp\/v2\/pages\/16","targetHints":{"allow":["GET"]}}],"collection":[{"href":"https:\/\/die-moberts.de\/index.php\/wp-json\/wp\/v2\/pages"}],"about":[{"href":"https:\/\/die-moberts.de\/index.php\/wp-json\/wp\/v2\/types\/page"}],"author":[{"embeddable":true,"href":"https:\/\/die-moberts.de\/index.php\/wp-json\/wp\/v2\/users\/1"}],"replies":[{"embeddable":true,"href":"https:\/\/die-moberts.de\/index.php\/wp-json\/wp\/v2\/comments?post=16"}],"version-history":[{"count":4,"href":"https:\/\/die-moberts.de\/index.php\/wp-json\/wp\/v2\/pages\/16\/revisions"}],"predecessor-version":[{"id":161,"href":"https:\/\/die-moberts.de\/index.php\/wp-json\/wp\/v2\/pages\/16\/revisions\/161"}],"wp:attachment":[{"href":"https:\/\/die-moberts.de\/index.php\/wp-json\/wp\/v2\/media?parent=16"}],"curies":[{"name":"wp","href":"https:\/\/api.w.org\/{rel}","templated":true}]}}